{"id":1026,"date":"2024-08-09T17:07:15","date_gmt":"2024-08-09T15:07:15","guid":{"rendered":"https:\/\/weseleweranda.pl\/?page_id=1026"},"modified":"2025-03-19T14:49:23","modified_gmt":"2025-03-19T13:49:23","slug":"galerie","status":"publish","type":"page","link":"https:\/\/weseleweranda.pl\/de\/galerie\/","title":{"rendered":"Galerie"},"content":{"rendered":"[vc_row type=&#8220;full_width_background&#8220; full_screen_row_position=&#8220;middle&#8220; column_margin=&#8220;default&#8220; equal_height=&#8220;yes&#8220; content_placement=&#8220;middle&#8220; column_direction=&#8220;default&#8220; column_direction_tablet=&#8220;default&#8220; column_direction_phone=&#8220;default&#8220; scene_position=&#8220;center&#8220; top_padding=&#8220;50&#8243; bottom_padding=&#8220;30&#8243; text_color=&#8220;dark&#8220; text_align=&#8220;left&#8220; row_border_radius=&#8220;none&#8220; row_border_radius_applies=&#8220;bg&#8220; overflow=&#8220;visible&#8220; id=&#8220;start&#8220; overlay_strength=&#8220;0.3&#8243; gradient_direction=&#8220;left_to_right&#8220; shape_divider_position=&#8220;bottom&#8220; bg_image_animation=&#8220;none&#8220; gradient_type=&#8220;default&#8220; shape_type=&#8220;&#8220;][vc_column column_padding=&#8220;padding-3-percent&#8220; column_padding_tablet=&#8220;inherit&#8220; column_padding_phone=&#8220;inherit&#8220; column_padding_position=&#8220;all&#8220; column_element_direction_desktop=&#8220;default&#8220; column_element_spacing=&#8220;default&#8220; desktop_text_alignment=&#8220;default&#8220; tablet_text_alignment=&#8220;default&#8220; phone_text_alignment=&#8220;default&#8220; background_color_opacity=&#8220;1&#8243; background_hover_color_opacity=&#8220;1&#8243; column_backdrop_filter=&#8220;none&#8220; column_shadow=&#8220;none&#8220; column_border_radius=&#8220;none&#8220; column_link_target=&#8220;_self&#8220; column_position=&#8220;default&#8220; gradient_direction=&#8220;left_to_right&#8220; overlay_strength=&#8220;0.3&#8243; width=&#8220;1\/1&#8243; tablet_width_inherit=&#8220;default&#8220; animation_type=&#8220;default&#8220; bg_image_animation=&#8220;none&#8220; border_type=&#8220;simple&#8220; column_border_width=&#8220;none&#8220; column_border_style=&#8220;solid&#8220; column_padding_type=&#8220;default&#8220; gradient_type=&#8220;default&#8220;][vc_column_text]\n<h1 style=\"text-align: center;\">Galerie<\/h1>\n<h3 style=\"text-align: center;\">Sp\u00fcre die Magie dieses Ortes<\/h3>\n[\/vc_column_text][\/vc_column][\/vc_row][vc_row type=&#8220;full_width_content&#8220; full_screen_row_position=&#8220;middle&#8220; column_margin=&#8220;default&#8220; column_direction=&#8220;default&#8220; column_direction_tablet=&#8220;default&#8220; column_direction_phone=&#8220;default&#8220; scene_position=&#8220;center&#8220; bottom_padding=&#8220;60&#8243; left_padding_desktop=&#8220;90&#8243; right_padding_desktop=&#8220;90&#8243; left_padding_tablet=&#8220;30&#8243; right_padding_tablet=&#8220;30&#8243; left_padding_phone=&#8220;10&#8243; right_padding_phone=&#8220;10&#8243; text_color=&#8220;dark&#8220; text_align=&#8220;left&#8220; row_border_radius=&#8220;none&#8220; row_border_radius_applies=&#8220;bg&#8220; overflow=&#8220;visible&#8220; overlay_strength=&#8220;0.3&#8243; gradient_direction=&#8220;left_to_right&#8220; shape_divider_position=&#8220;bottom&#8220; bg_image_animation=&#8220;none&#8220; gradient_type=&#8220;default&#8220; shape_type=&#8220;&#8220;][vc_column column_padding=&#8220;no-extra-padding&#8220; column_padding_tablet=&#8220;inherit&#8220; column_padding_phone=&#8220;inherit&#8220; column_padding_position=&#8220;all&#8220; column_element_direction_desktop=&#8220;default&#8220; column_element_spacing=&#8220;default&#8220; desktop_text_alignment=&#8220;default&#8220; tablet_text_alignment=&#8220;default&#8220; phone_text_alignment=&#8220;default&#8220; background_color_opacity=&#8220;1&#8243; background_hover_color_opacity=&#8220;1&#8243; column_backdrop_filter=&#8220;none&#8220; column_shadow=&#8220;none&#8220; column_border_radius=&#8220;none&#8220; column_link_target=&#8220;_self&#8220; column_position=&#8220;default&#8220; gradient_direction=&#8220;left_to_right&#8220; overlay_strength=&#8220;0.3&#8243; width=&#8220;1\/1&#8243; tablet_width_inherit=&#8220;default&#8220; animation_type=&#8220;default&#8220; bg_image_animation=&#8220;none&#8220; border_type=&#8220;simple&#8220; column_border_width=&#8220;none&#8220; column_border_style=&#8220;solid&#8220;][vc_gallery type=&#8220;image_grid&#8220; images=&#8220;728,727,709,707,706,705,703,704,721,696,699,682,670,671,659,737,686,695,736,735,702,734,733,732,665,662,663,730,698,688,687,685,729,660,697,668,667,666,664,689,731,701,723,726,724,684,683,725,669,720,719,718,717,716,715,714,713,712,711,710,708,694,693,692,691,690,681,680,679,678,677,676,675,674,673,672,661&#8243; image_grid_loading=&#8220;lazy-load&#8220; layout=&#8220;4&#8243; item_spacing=&#8220;8px&#8220; gallery_style=&#8220;5&#8243; load_in_animation=&#8220;none&#8220;][\/vc_column][\/vc_row][vc_row type=&#8220;in_container&#8220; full_screen_row_position=&#8220;middle&#8220; column_margin=&#8220;default&#8220; column_direction=&#8220;default&#8220; column_direction_tablet=&#8220;default&#8220; column_direction_phone=&#8220;default&#8220; scene_position=&#8220;center&#8220; text_color=&#8220;dark&#8220; text_align=&#8220;left&#8220; row_border_radius=&#8220;none&#8220; row_border_radius_applies=&#8220;bg&#8220; overflow=&#8220;visible&#8220; overlay_strength=&#8220;0.3&#8243; gradient_direction=&#8220;left_to_right&#8220; shape_divider_position=&#8220;bottom&#8220; bg_image_animation=&#8220;none&#8220;][vc_column column_padding=&#8220;no-extra-padding&#8220; column_padding_tablet=&#8220;inherit&#8220; column_padding_phone=&#8220;inherit&#8220; column_padding_position=&#8220;all&#8220; column_element_direction_desktop=&#8220;default&#8220; column_element_spacing=&#8220;default&#8220; desktop_text_alignment=&#8220;default&#8220; tablet_text_alignment=&#8220;default&#8220; phone_text_alignment=&#8220;default&#8220; background_color_opacity=&#8220;1&#8243; background_hover_color_opacity=&#8220;1&#8243; column_backdrop_filter=&#8220;none&#8220; column_shadow=&#8220;none&#8220; column_border_radius=&#8220;none&#8220; column_link_target=&#8220;_self&#8220; column_position=&#8220;default&#8220; gradient_direction=&#8220;left_to_right&#8220; overlay_strength=&#8220;0.3&#8243; width=&#8220;1\/1&#8243; tablet_width_inherit=&#8220;default&#8220; animation_type=&#8220;default&#8220; bg_image_animation=&#8220;none&#8220; border_type=&#8220;simple&#8220; column_border_width=&#8220;none&#8220; column_border_style=&#8220;solid&#8220;][nectar_global_section id=&#8220;1052&#8243;][\/vc_column][\/vc_row]\n","protected":false},"excerpt":{"rendered":"<p>[vc_row type=&#8220;full_width_background&#8220; full_screen_row_position=&#8220;middle&#8220; column_margin=&#8220;default&#8220; equal_height=&#8220;yes&#8220; content_placement=&#8220;middle&#8220; column_direction=&#8220;default&#8220; column_direction_tablet=&#8220;default&#8220; column_direction_phone=&#8220;default&#8220; scene_position=&#8220;center&#8220; top_padding=&#8220;50&#8243; bottom_padding=&#8220;30&#8243; text_color=&#8220;dark&#8220; text_align=&#8220;left&#8220; row_border_radius=&#8220;none&#8220; row_border_radius_applies=&#8220;bg&#8220; overflow=&#8220;visible&#8220; id=&#8220;start&#8220; overlay_strength=&#8220;0.3&#8243; gradient_direction=&#8220;left_to_right&#8220; shape_divider_position=&#8220;bottom&#8220; bg_image_animation=&#8220;none&#8220; gradient_type=&#8220;default&#8220; shape_type=&#8220;&#8220;][vc_column column_padding=&#8220;padding-3-percent&#8220; column_padding_tablet=&#8220;inherit&#8220; column_padding_phone=&#8220;inherit&#8220; column_padding_position=&#8220;all&#8220; column_element_direction_desktop=&#8220;default&#8220; column_element_spacing=&#8220;default&#8220; desktop_text_alignment=&#8220;default&#8220; tablet_text_alignment=&#8220;default&#8220; phone_text_alignment=&#8220;default&#8220; background_color_opacity=&#8220;1&#8243; background_hover_color_opacity=&#8220;1&#8243; column_backdrop_filter=&#8220;none&#8220; column_shadow=&#8220;none&#8220; column_border_radius=&#8220;none&#8220; column_link_target=&#8220;_self&#8220; column_position=&#8220;default&#8220; gradient_direction=&#8220;left_to_right&#8220; overlay_strength=&#8220;0.3&#8243; width=&#8220;1\/1&#8243; tablet_width_inherit=&#8220;default&#8220; animation_type=&#8220;default&#8220; bg_image_animation=&#8220;none&#8220; border_type=&#8220;simple&#8220; column_border_width=&#8220;none&#8220; column_border_style=&#8220;solid&#8220; column_padding_type=&#8220;default&#8220; gradient_type=&#8220;default&#8220;][vc_column_text] Galerie Sp\u00fcre die Magie dieses Ortes [\/vc_column_text][\/vc_column][\/vc_row][vc_row type=&#8220;full_width_content&#8220; full_screen_row_position=&#8220;middle&#8220;&#8230;<\/p>\n","protected":false},"author":1,"featured_media":977,"parent":0,"menu_order":0,"comment_status":"closed","ping_status":"closed","template":"","meta":{"footnotes":""},"class_list":["post-1026","page","type-page","status-publish","has-post-thumbnail"],"yoast_head":"<!-- This site is optimized with the Yoast SEO plugin v24.7 - https:\/\/yoast.com\/wordpress\/plugins\/seo\/ -->\n<title>Galerie - Wesela w Werandzie - dom weselny w wojew\u00f3dztwie zachodniopomorskim<\/title>\n<meta name=\"robots\" content=\"index, follow, max-snippet:-1, max-image-preview:large, max-video-preview:-1\" \/>\n<link rel=\"canonical\" href=\"https:\/\/weseleweranda.pl\/de\/galerie\/\" \/>\n<meta property=\"og:locale\" content=\"de_DE\" \/>\n<meta property=\"og:type\" content=\"article\" \/>\n<meta property=\"og:title\" content=\"Galerie - Wesela w Werandzie - dom weselny w wojew\u00f3dztwie zachodniopomorskim\" \/>\n<meta property=\"og:description\" content=\"[vc_row type=&#8220;full_width_background&#8220; full_screen_row_position=&#8220;middle&#8220; column_margin=&#8220;default&#8220; equal_height=&#8220;yes&#8220; content_placement=&#8220;middle&#8220; column_direction=&#8220;default&#8220; column_direction_tablet=&#8220;default&#8220; column_direction_phone=&#8220;default&#8220; scene_position=&#8220;center&#8220; top_padding=&#8220;50&#8243; bottom_padding=&#8220;30&#8243; text_color=&#8220;dark&#8220; text_align=&#8220;left&#8220; row_border_radius=&#8220;none&#8220; row_border_radius_applies=&#8220;bg&#8220; overflow=&#8220;visible&#8220; id=&#8220;start&#8220; overlay_strength=&#8220;0.3&#8243; gradient_direction=&#8220;left_to_right&#8220; shape_divider_position=&#8220;bottom&#8220; bg_image_animation=&#8220;none&#8220; gradient_type=&#8220;default&#8220; shape_type=&#8220;&#8220;][vc_column column_padding=&#8220;padding-3-percent&#8220; column_padding_tablet=&#8220;inherit&#8220; column_padding_phone=&#8220;inherit&#8220; column_padding_position=&#8220;all&#8220; column_element_direction_desktop=&#8220;default&#8220; column_element_spacing=&#8220;default&#8220; desktop_text_alignment=&#8220;default&#8220; tablet_text_alignment=&#8220;default&#8220; phone_text_alignment=&#8220;default&#8220; background_color_opacity=&#8220;1&#8243; background_hover_color_opacity=&#8220;1&#8243; column_backdrop_filter=&#8220;none&#8220; column_shadow=&#8220;none&#8220; column_border_radius=&#8220;none&#8220; column_link_target=&#8220;_self&#8220; column_position=&#8220;default&#8220; gradient_direction=&#8220;left_to_right&#8220; overlay_strength=&#8220;0.3&#8243; width=&#8220;1\/1&#8243; tablet_width_inherit=&#8220;default&#8220; animation_type=&#8220;default&#8220; bg_image_animation=&#8220;none&#8220; border_type=&#8220;simple&#8220; column_border_width=&#8220;none&#8220; column_border_style=&#8220;solid&#8220; column_padding_type=&#8220;default&#8220; gradient_type=&#8220;default&#8220;][vc_column_text] Galerie Sp\u00fcre die Magie dieses Ortes [\/vc_column_text][\/vc_column][\/vc_row][vc_row type=&#8220;full_width_content&#8220; full_screen_row_position=&#8220;middle&#8220;...\" \/>\n<meta property=\"og:url\" content=\"https:\/\/weseleweranda.pl\/de\/galerie\/\" \/>\n<meta property=\"og:site_name\" content=\"Wesela w Werandzie - dom weselny w wojew\u00f3dztwie zachodniopomorskim\" \/>\n<meta property=\"article:publisher\" content=\"https:\/\/www.facebook.com\/@RestauracjaWerandaMiedwie\/\" \/>\n<meta property=\"article:modified_time\" content=\"2025-03-19T13:49:23+00:00\" \/>\n<meta property=\"og:image\" content=\"https:\/\/weseleweranda.pl\/wp-content\/uploads\/2024\/08\/FOTO-topaz.jpg\" \/>\n\t<meta property=\"og:image:width\" content=\"1600\" \/>\n\t<meta property=\"og:image:height\" content=\"900\" \/>\n\t<meta property=\"og:image:type\" content=\"image\/jpeg\" \/>\n<meta name=\"twitter:card\" content=\"summary_large_image\" \/>\n<meta name=\"twitter:label1\" content=\"Gesch\u00e4tzte Lesezeit\" \/>\n\t<meta name=\"twitter:data1\" content=\"19\u00a0Minuten\" \/>\n<script type=\"application\/ld+json\" class=\"yoast-schema-graph\">{\"@context\":\"https:\/\/schema.org\",\"@graph\":[{\"@type\":\"WebPage\",\"@id\":\"https:\/\/weseleweranda.pl\/de\/galerie\/\",\"url\":\"https:\/\/weseleweranda.pl\/de\/galerie\/\",\"name\":\"Galerie - Wesela w Werandzie - dom weselny w wojew\u00f3dztwie zachodniopomorskim\",\"isPartOf\":{\"@id\":\"https:\/\/weseleweranda.pl\/#website\"},\"primaryImageOfPage\":{\"@id\":\"https:\/\/weseleweranda.pl\/de\/galerie\/#primaryimage\"},\"image\":{\"@id\":\"https:\/\/weseleweranda.pl\/de\/galerie\/#primaryimage\"},\"thumbnailUrl\":\"https:\/\/weseleweranda.pl\/wp-content\/uploads\/2024\/08\/para-mloda.jpg\",\"datePublished\":\"2024-08-09T15:07:15+00:00\",\"dateModified\":\"2025-03-19T13:49:23+00:00\",\"breadcrumb\":{\"@id\":\"https:\/\/weseleweranda.pl\/de\/galerie\/#breadcrumb\"},\"inLanguage\":\"de\",\"potentialAction\":[{\"@type\":\"ReadAction\",\"target\":[\"https:\/\/weseleweranda.pl\/de\/galerie\/\"]}],\"about\":{\"@id\":\"https:\/\/weseleweranda.pl\/de\/#localbusiness\"}},{\"@type\":\"ImageObject\",\"inLanguage\":\"de\",\"@id\":\"https:\/\/weseleweranda.pl\/de\/galerie\/#primaryimage\",\"url\":\"https:\/\/weseleweranda.pl\/wp-content\/uploads\/2024\/08\/para-mloda.jpg\",\"contentUrl\":\"https:\/\/weseleweranda.pl\/wp-content\/uploads\/2024\/08\/para-mloda.jpg\",\"width\":1200,\"height\":800,\"caption\":\"Szcz\u0119\u015bliwa para m\u0142oda w domu weselnym Weranda nad jeziorem Miedwie \u2013 idealne miejsce na wesele blisko Szczecina i Stargardu.\"},{\"@type\":\"BreadcrumbList\",\"@id\":\"https:\/\/weseleweranda.pl\/de\/galerie\/#breadcrumb\",\"itemListElement\":[{\"@type\":\"ListItem\",\"position\":1,\"name\":\"Strona g\u0142\u00f3wna\",\"item\":\"https:\/\/weseleweranda.pl\/de\/\"},{\"@type\":\"ListItem\",\"position\":2,\"name\":\"Galerie\"}]},{\"@type\":\"WebSite\",\"@id\":\"https:\/\/weseleweranda.pl\/#website\",\"url\":\"https:\/\/weseleweranda.pl\/\",\"name\":\"Dom weselny Weranda\",\"description\":\"Organizacja wesel dla par m\u0142odych ze Szczecina, Stargardu i okolic. Klimatyczne wn\u0119trza, ogr\u00f3d, wysublimowana kuchnia\",\"publisher\":{\"@id\":\"https:\/\/weseleweranda.pl\/de\/#localbusiness\"},\"potentialAction\":[{\"@type\":\"SearchAction\",\"target\":{\"@type\":\"EntryPoint\",\"urlTemplate\":\"https:\/\/weseleweranda.pl\/?s={search_term_string}\"},\"query-input\":{\"@type\":\"PropertyValueSpecification\",\"valueRequired\":true,\"valueName\":\"search_term_string\"}}],\"inLanguage\":\"de\"},{\"@type\":[\"EventVenue\",\"LocalBusiness\"],\"@id\":\"https:\/\/weseleweranda.pl\/de\/#localbusiness\",\"name\":\"Wesela w Werandzie\",\"url\":\"https:\/\/weseleweranda.pl\/\",\"logo\":{\"@type\":\"ImageObject\",\"inLanguage\":\"de\",\"@id\":\"https:\/\/weseleweranda.pl\/#\/schema\/logo\/image\/\",\"url\":\"https:\/\/weseleweranda.pl\/wp-content\/uploads\/2023\/02\/logo-1.png\",\"contentUrl\":\"https:\/\/weseleweranda.pl\/wp-content\/uploads\/2023\/02\/logo-1.png\",\"width\":259,\"height\":142,\"caption\":\"Wesela w Werandzie\"},\"image\":{\"@id\":\"https:\/\/weseleweranda.pl\/#\/schema\/logo\/image\/\"},\"sameAs\":[\"https:\/\/www.facebook.com\/@RestauracjaWerandaMiedwie\/\",\"https:\/\/www.instagram.com\/werandamiedwie\/\"],\"description\":\"Dom weselny nad jeziorem Miedwie w Morzyczynie, organizacja wesel, przyj\u0119\u0107 i \u015blub\u00f3w w plenerze dla par ze Szczecina, Stargardu i wojew\u00f3dztwa zachodniopomorskiego.\",\"telephone\":\"+48 781 776 777\",\"email\":\"info@restauracjaweranda.pl\",\"address\":{\"@type\":\"PostalAddress\",\"streetAddress\":\"ul. Szczeci\u0144ska 16\",\"postalCode\":\"73-108\",\"addressLocality\":\"Morzyczyn\",\"addressCountry\":\"PL\"},\"areaServed\":[{\"@type\":\"City\",\"name\":\"Szczecin\"},{\"@type\":\"City\",\"name\":\"Stargard\"},{\"@type\":\"AdministrativeArea\",\"name\":\"wojew\u00f3dztwo zachodniopomorskie\"}],\"geo\":{\"@type\":\"GeoCoordinates\",\"latitude\":53.35153463839765,\"longitude\":14.921250663457474},\"hasMap\":\"https:\/\/maps.google.com\/?q=53.35153463839765,14.921250663457474\"}]}<\/script>\n<!-- \/ Yoast SEO plugin. -->","yoast_head_json":{"title":"Galerie - Wesela w Werandzie - dom weselny w wojew\u00f3dztwie zachodniopomorskim","robots":{"index":"index","follow":"follow","max-snippet":"max-snippet:-1","max-image-preview":"max-image-preview:large","max-video-preview":"max-video-preview:-1"},"canonical":"https:\/\/weseleweranda.pl\/de\/galerie\/","og_locale":"de_DE","og_type":"article","og_title":"Galerie - Wesela w Werandzie - dom weselny w wojew\u00f3dztwie zachodniopomorskim","og_description":"[vc_row type=&#8220;full_width_background&#8220; full_screen_row_position=&#8220;middle&#8220; column_margin=&#8220;default&#8220; equal_height=&#8220;yes&#8220; content_placement=&#8220;middle&#8220; column_direction=&#8220;default&#8220; column_direction_tablet=&#8220;default&#8220; column_direction_phone=&#8220;default&#8220; scene_position=&#8220;center&#8220; top_padding=&#8220;50&#8243; bottom_padding=&#8220;30&#8243; text_color=&#8220;dark&#8220; text_align=&#8220;left&#8220; row_border_radius=&#8220;none&#8220; row_border_radius_applies=&#8220;bg&#8220; overflow=&#8220;visible&#8220; id=&#8220;start&#8220; overlay_strength=&#8220;0.3&#8243; gradient_direction=&#8220;left_to_right&#8220; shape_divider_position=&#8220;bottom&#8220; bg_image_animation=&#8220;none&#8220; gradient_type=&#8220;default&#8220; shape_type=&#8220;&#8220;][vc_column column_padding=&#8220;padding-3-percent&#8220; column_padding_tablet=&#8220;inherit&#8220; column_padding_phone=&#8220;inherit&#8220; column_padding_position=&#8220;all&#8220; column_element_direction_desktop=&#8220;default&#8220; column_element_spacing=&#8220;default&#8220; desktop_text_alignment=&#8220;default&#8220; tablet_text_alignment=&#8220;default&#8220; phone_text_alignment=&#8220;default&#8220; background_color_opacity=&#8220;1&#8243; background_hover_color_opacity=&#8220;1&#8243; column_backdrop_filter=&#8220;none&#8220; column_shadow=&#8220;none&#8220; column_border_radius=&#8220;none&#8220; column_link_target=&#8220;_self&#8220; column_position=&#8220;default&#8220; gradient_direction=&#8220;left_to_right&#8220; overlay_strength=&#8220;0.3&#8243; width=&#8220;1\/1&#8243; tablet_width_inherit=&#8220;default&#8220; animation_type=&#8220;default&#8220; bg_image_animation=&#8220;none&#8220; border_type=&#8220;simple&#8220; column_border_width=&#8220;none&#8220; column_border_style=&#8220;solid&#8220; column_padding_type=&#8220;default&#8220; gradient_type=&#8220;default&#8220;][vc_column_text] Galerie Sp\u00fcre die Magie dieses Ortes [\/vc_column_text][\/vc_column][\/vc_row][vc_row type=&#8220;full_width_content&#8220; full_screen_row_position=&#8220;middle&#8220;...","og_url":"https:\/\/weseleweranda.pl\/de\/galerie\/","og_site_name":"Wesela w Werandzie - dom weselny w wojew\u00f3dztwie zachodniopomorskim","article_publisher":"https:\/\/www.facebook.com\/@RestauracjaWerandaMiedwie\/","article_modified_time":"2025-03-19T13:49:23+00:00","og_image":[{"width":1600,"height":900,"url":"https:\/\/weseleweranda.pl\/wp-content\/uploads\/2024\/08\/FOTO-topaz.jpg","type":"image\/jpeg"}],"twitter_card":"summary_large_image","twitter_misc":{"Gesch\u00e4tzte Lesezeit":"19\u00a0Minuten"},"schema":{"@context":"https:\/\/schema.org","@graph":[{"@type":"WebPage","@id":"https:\/\/weseleweranda.pl\/de\/galerie\/","url":"https:\/\/weseleweranda.pl\/de\/galerie\/","name":"Galerie - Wesela w Werandzie - dom weselny w wojew\u00f3dztwie zachodniopomorskim","isPartOf":{"@id":"https:\/\/weseleweranda.pl\/#website"},"primaryImageOfPage":{"@id":"https:\/\/weseleweranda.pl\/de\/galerie\/#primaryimage"},"image":{"@id":"https:\/\/weseleweranda.pl\/de\/galerie\/#primaryimage"},"thumbnailUrl":"https:\/\/weseleweranda.pl\/wp-content\/uploads\/2024\/08\/para-mloda.jpg","datePublished":"2024-08-09T15:07:15+00:00","dateModified":"2025-03-19T13:49:23+00:00","breadcrumb":{"@id":"https:\/\/weseleweranda.pl\/de\/galerie\/#breadcrumb"},"inLanguage":"de","potentialAction":[{"@type":"ReadAction","target":["https:\/\/weseleweranda.pl\/de\/galerie\/"]}],"about":{"@id":"https:\/\/weseleweranda.pl\/de\/#localbusiness"}},{"@type":"ImageObject","inLanguage":"de","@id":"https:\/\/weseleweranda.pl\/de\/galerie\/#primaryimage","url":"https:\/\/weseleweranda.pl\/wp-content\/uploads\/2024\/08\/para-mloda.jpg","contentUrl":"https:\/\/weseleweranda.pl\/wp-content\/uploads\/2024\/08\/para-mloda.jpg","width":1200,"height":800,"caption":"Szcz\u0119\u015bliwa para m\u0142oda w domu weselnym Weranda nad jeziorem Miedwie \u2013 idealne miejsce na wesele blisko Szczecina i Stargardu."},{"@type":"BreadcrumbList","@id":"https:\/\/weseleweranda.pl\/de\/galerie\/#breadcrumb","itemListElement":[{"@type":"ListItem","position":1,"name":"Strona g\u0142\u00f3wna","item":"https:\/\/weseleweranda.pl\/de\/"},{"@type":"ListItem","position":2,"name":"Galerie"}]},{"@type":"WebSite","@id":"https:\/\/weseleweranda.pl\/#website","url":"https:\/\/weseleweranda.pl\/","name":"Dom weselny Weranda","description":"Organizacja wesel dla par m\u0142odych ze Szczecina, Stargardu i okolic. Klimatyczne wn\u0119trza, ogr\u00f3d, wysublimowana kuchnia","publisher":{"@id":"https:\/\/weseleweranda.pl\/de\/#localbusiness"},"potentialAction":[{"@type":"SearchAction","target":{"@type":"EntryPoint","urlTemplate":"https:\/\/weseleweranda.pl\/?s={search_term_string}"},"query-input":{"@type":"PropertyValueSpecification","valueRequired":true,"valueName":"search_term_string"}}],"inLanguage":"de"},{"@type":["EventVenue","LocalBusiness"],"@id":"https:\/\/weseleweranda.pl\/de\/#localbusiness","name":"Wesela w Werandzie","url":"https:\/\/weseleweranda.pl\/","logo":{"@type":"ImageObject","inLanguage":"de","@id":"https:\/\/weseleweranda.pl\/#\/schema\/logo\/image\/","url":"https:\/\/weseleweranda.pl\/wp-content\/uploads\/2023\/02\/logo-1.png","contentUrl":"https:\/\/weseleweranda.pl\/wp-content\/uploads\/2023\/02\/logo-1.png","width":259,"height":142,"caption":"Wesela w Werandzie"},"image":{"@id":"https:\/\/weseleweranda.pl\/#\/schema\/logo\/image\/"},"sameAs":["https:\/\/www.facebook.com\/@RestauracjaWerandaMiedwie\/","https:\/\/www.instagram.com\/werandamiedwie\/"],"description":"Dom weselny nad jeziorem Miedwie w Morzyczynie, organizacja wesel, przyj\u0119\u0107 i \u015blub\u00f3w w plenerze dla par ze Szczecina, Stargardu i wojew\u00f3dztwa zachodniopomorskiego.","telephone":"+48 781 776 777","email":"info@restauracjaweranda.pl","address":{"@type":"PostalAddress","streetAddress":"ul. Szczeci\u0144ska 16","postalCode":"73-108","addressLocality":"Morzyczyn","addressCountry":"PL"},"areaServed":[{"@type":"City","name":"Szczecin"},{"@type":"City","name":"Stargard"},{"@type":"AdministrativeArea","name":"wojew\u00f3dztwo zachodniopomorskie"}],"geo":{"@type":"GeoCoordinates","latitude":53.35153463839765,"longitude":14.921250663457474},"hasMap":"https:\/\/maps.google.com\/?q=53.35153463839765,14.921250663457474"}]}},"_links":{"self":[{"href":"https:\/\/weseleweranda.pl\/de\/wp-json\/wp\/v2\/pages\/1026","targetHints":{"allow":["GET"]}}],"collection":[{"href":"https:\/\/weseleweranda.pl\/de\/wp-json\/wp\/v2\/pages"}],"about":[{"href":"https:\/\/weseleweranda.pl\/de\/wp-json\/wp\/v2\/types\/page"}],"author":[{"embeddable":true,"href":"https:\/\/weseleweranda.pl\/de\/wp-json\/wp\/v2\/users\/1"}],"replies":[{"embeddable":true,"href":"https:\/\/weseleweranda.pl\/de\/wp-json\/wp\/v2\/comments?post=1026"}],"version-history":[{"count":2,"href":"https:\/\/weseleweranda.pl\/de\/wp-json\/wp\/v2\/pages\/1026\/revisions"}],"predecessor-version":[{"id":1057,"href":"https:\/\/weseleweranda.pl\/de\/wp-json\/wp\/v2\/pages\/1026\/revisions\/1057"}],"wp:featuredmedia":[{"embeddable":true,"href":"https:\/\/weseleweranda.pl\/de\/wp-json\/wp\/v2\/media\/977"}],"wp:attachment":[{"href":"https:\/\/weseleweranda.pl\/de\/wp-json\/wp\/v2\/media?parent=1026"}],"curies":[{"name":"wp","href":"https:\/\/api.w.org\/{rel}","templated":true}]}}